{"id":2913,"date":"2024-05-16T15:01:13","date_gmt":"2024-05-16T13:01:13","guid":{"rendered":"https:\/\/apimove.com\/subscriptions\/"},"modified":"2024-10-24T10:43:58","modified_gmt":"2024-10-24T08:43:58","slug":"unsere-abonnements","status":"publish","type":"page","link":"https:\/\/apimove.com\/de\/unsere-abonnements\/","title":{"rendered":"UNSERE ABONNEMENTS"},"content":{"rendered":"<p><div class=\"fusion-fullwidth fullwidth-box fusion-builder-row-1 fusion-flex-container has-pattern-background has-mask-background nonhundred-percent-fullwidth non-hundred-percent-height-scrolling\" style=\"--awb-border-radius-top-left:0px;--awb-border-radius-top-right:0px;--awb-border-radius-bottom-right:0px;--awb-border-radius-bottom-left:0px;--awb-flex-wrap:wrap;\" ><div class=\"fusion-builder-row fusion-row fusion-flex-align-items-flex-start fusion-flex-justify-content-center fusion-flex-content-wrap\" style=\"max-width:1216.8px;margin-left: calc(-4% \/ 2 );margin-right: calc(-4% \/ 2 );\"><div class=\"fusion-layout-column fusion_builder_column fusion-builder-column-0 fusion_builder_column_1_1 1_1 fusion-flex-column fusion-flex-align-self-flex-start\" style=\"--awb-bg-size:cover;--awb-width-large:100%;--awb-margin-top-large:0px;--awb-spacing-right-large:1.92%;--awb-margin-bottom-large:0px;--awb-spacing-left-large:1.92%;--awb-width-medium:100%;--awb-order-medium:0;--awb-spacing-right-medium:1.92%;--awb-spacing-left-medium:1.92%;--awb-width-small:100%;--awb-order-small:0;--awb-spacing-right-small:1.92%;--awb-spacing-left-small:1.92%;\"><div class=\"fusion-column-wrapper fusion-column-has-shadow fusion-flex-justify-content-flex-end fusion-content-layout-column\"><div class=\"fusion-title title fusion-title-1 fusion-title-text fusion-title-size-one seo-title\"><div class=\"title-sep-container title-sep-container-left fusion-no-large-visibility fusion-no-medium-visibility fusion-no-small-visibility\"><div class=\"title-sep sep- sep-solid\" style=\"border-color:var(--awb-color3);\"><\/div><\/div><span class=\"awb-title-spacer fusion-no-large-visibility fusion-no-medium-visibility fusion-no-small-visibility\"><\/span><h1 class=\"fusion-title-heading title-heading-left fusion-responsive-typography-calculated\" style=\"margin:0;--fontSize:40;line-height:var(--awb-typography1-line-height);\">Unsere Abonnements<\/h1><span class=\"awb-title-spacer\"><\/span><div class=\"title-sep-container title-sep-container-right\"><div class=\"title-sep sep- sep-solid\" style=\"border-color:var(--awb-color3);\"><\/div><\/div><\/div><div class=\"fusion-builder-row fusion-builder-row-inner fusion-row fusion-flex-align-items-flex-start fusion-flex-justify-content-center fusion-flex-content-wrap\" style=\"width:104% !important;max-width:104% !important;margin-left: calc(-4% \/ 2 );margin-right: calc(-4% \/ 2 );\"><div class=\"fusion-layout-column fusion_builder_column_inner fusion-builder-nested-column-0 fusion_builder_column_inner_1_2 1_2 fusion-flex-column fusion-flex-align-self-center\" style=\"--awb-bg-size:cover;--awb-width-large:50%;--awb-margin-top-large:20px;--awb-spacing-right-large:0%;--awb-margin-bottom-large:20px;--awb-spacing-left-large:3.648%;--awb-width-medium:100%;--awb-order-medium:0;--awb-spacing-right-medium:1.92%;--awb-spacing-left-medium:1.92%;--awb-width-small:100%;--awb-order-small:0;--awb-spacing-right-small:1.92%;--awb-spacing-left-small:1.92%;\"><div class=\"fusion-column-wrapper fusion-column-has-shadow fusion-flex-justify-content-space-evenly fusion-content-layout-column\"><div class=\"fusion-image-element \" style=\"text-align:center;--awb-margin-top:40px;--awb-caption-title-font-family:var(--h2_typography-font-family);--awb-caption-title-font-weight:var(--h2_typography-font-weight);--awb-caption-title-font-style:var(--h2_typography-font-style);--awb-caption-title-size:var(--h2_typography-font-size);--awb-caption-title-transform:var(--h2_typography-text-transform);--awb-caption-title-line-height:var(--h2_typography-line-height);--awb-caption-title-letter-spacing:var(--h2_typography-letter-spacing);\"><span class=\" fusion-imageframe imageframe-none imageframe-1 hover-type-none\"><img decoding=\"async\" width=\"400\" height=\"73\" title=\"apimove-blue\" src=\"https:\/\/apimove.com\/wp-content\/uploads\/2024\/05\/apimove-blue.png\" data-orig-src=\"https:\/\/apimove.com\/wp-content\/uploads\/2024\/05\/apimove-blue-400x73.png\" alt class=\"lazyload img-responsive wp-image-2441\" srcset=\"data:image\/svg+xml,%3Csvg%20xmlns%3D%27http%3A%2F%2Fwww.w3.org%2F2000%2Fsvg%27%20width%3D%274983%27%20height%3D%27913%27%20viewBox%3D%270%200%204983%20913%27%3E%3Crect%20width%3D%274983%27%20height%3D%27913%27%20fill-opacity%3D%220%22%2F%3E%3C%2Fsvg%3E\" data-srcset=\"https:\/\/apimove.com\/wp-content\/uploads\/2024\/05\/apimove-blue-200x37.png 200w, https:\/\/apimove.com\/wp-content\/uploads\/2024\/05\/apimove-blue-400x73.png 400w, https:\/\/apimove.com\/wp-content\/uploads\/2024\/05\/apimove-blue-600x110.png 600w, https:\/\/apimove.com\/wp-content\/uploads\/2024\/05\/apimove-blue-800x147.png 800w, https:\/\/apimove.com\/wp-content\/uploads\/2024\/05\/apimove-blue-1200x220.png 1200w\" data-sizes=\"auto\" data-orig-sizes=\"(max-width: 1024px) 100vw, (max-width: 640px) 100vw, 600px\" \/><\/span><\/div><div class=\"fusion-title title fusion-title-2 fusion-title-center fusion-title-text fusion-title-size-one\" style=\"--awb-text-color:var(--awb-custom_color_1);--awb-font-size:32px;\"><div class=\"title-sep-container title-sep-container-left\"><div class=\"title-sep sep- sep-solid\" style=\"border-color:var(--awb-color3);\"><\/div><\/div><span class=\"awb-title-spacer\"><\/span><h1 class=\"fusion-title-heading title-heading-center fusion-responsive-typography-calculated\" style=\"font-family:&quot;Lexend&quot;;font-style:normal;font-weight:400;margin:0;font-size:1em;--fontSize:32;line-height:var(--awb-typography1-line-height);\"><h1><strong>Entdecken Sie unsere Abonnements<\/strong><\/h1><\/h1><span class=\"awb-title-spacer\"><\/span><div class=\"title-sep-container title-sep-container-right\"><div class=\"title-sep sep- sep-solid\" style=\"border-color:var(--awb-color3);\"><\/div><\/div><\/div><div class=\"fusion-text fusion-text-1\"><p style=\"font-family: Lexend; font-weight: 400; font-size: 18px; text-align: left;\" data-fusion-font=\"true\" data-fusion-google-font=\"Lexend\" data-fusion-google-variant=\"400\">W\u00e4hlen Sie eine automatisierte und vereinfachte digitale Reifen-Journey mit unseren Abonnements.<br \/> Ben\u00f6tigen Sie weitere Informationen, bevor Sie ein Abonnement abschlie\u00dfen? Entdecken Sie unsere Produkte:<\/p>\n<\/div><div style=\"text-align:center;\"><a class=\"fusion-button button-flat fusion-button-default-size button-custom fusion-button-default button-1 fusion-button-default-span fusion-button-default-type fusion-has-button-gradient\" style=\"--button_accent_color:var(--awb-custom_color_5);--button_border_color:var(--awb-custom_color_5);--button_accent_hover_color:var(--awb-custom_color_5);--button_border_hover_color:var(--awb-custom_color_5);--button-border-radius-top-left:20px;--button-border-radius-top-right:20px;--button-border-radius-bottom-right:20px;--button-border-radius-bottom-left:20px;--button_gradient_angle:187deg;--button_gradient_top_color:#164983;--button_gradient_bottom_color:var(--awb-custom_color_8);--button_gradient_top_color_hover:#216dc4;--button_gradient_bottom_color_hover:var(--awb-custom_color_8);--button_text_transform:capitalize;--button_typography-font-family:&quot;Lexend&quot;;--button_typography-font-style:normal;--button_typography-font-weight:400;width:calc(100%);\" target=\"_self\" href=\"https:\/\/apimove.com\/de\/unsere-produkte\/\"><span class=\"fusion-button-text\">Unsere Produkte<\/span><\/a><\/div><\/div><\/div><div class=\"fusion-layout-column fusion_builder_column_inner fusion-builder-nested-column-1 fusion_builder_column_inner_1_2 1_2 fusion-flex-column fusion-flex-align-self-stretch fusion-no-small-visibility fusion-no-medium-visibility\" style=\"--awb-padding-right:63px;--awb-bg-size:cover;--awb-width-large:50%;--awb-margin-top-large:0px;--awb-spacing-right-large:0%;--awb-margin-bottom-large:0px;--awb-spacing-left-large:3.84%;--awb-width-medium:100%;--awb-order-medium:0;--awb-spacing-right-medium:1.92%;--awb-spacing-left-medium:1.92%;--awb-width-small:100%;--awb-order-small:0;--awb-spacing-right-small:1.92%;--awb-spacing-left-small:1.92%;\"><div class=\"fusion-column-wrapper lazyload fusion-column-has-shadow fusion-flex-justify-content-flex-end fusion-content-layout-column fusion-empty-column-bg-image fusion-column-has-bg-image\" data-bg-url=\"https:\/\/apimove.com\/wp-content\/uploads\/2024\/05\/main_smartphone-1024x873.png\" data-bg=\"https:\/\/apimove.com\/wp-content\/uploads\/2024\/05\/main_smartphone-1024x873.png\"><img decoding=\"async\" class=\"fusion-empty-dims-img-placeholder\" src=\"data:image\/svg+xml,%3Csvg%20xmlns%3D%27http%3A%2F%2Fwww.w3.org%2F2000%2Fsvg%27%20width%3D%271024%27%20height%3D%27873%27%20viewBox%3D%270%200%201024%20873%27%3E%3Crect%20width%3D%271024%27%20height%3D%27873%27%20fill-opacity%3D%220%22%2F%3E%3C%2Fsvg%3E\"><\/div><\/div><\/div><\/div><\/div><\/div><\/div><div id=\"tyremotion-scan-contact\" class=\"fusion-container-anchor\"><div class=\"fusion-fullwidth fullwidth-box fusion-builder-row-2 fusion-flex-container has-pattern-background has-mask-background nonhundred-percent-fullwidth non-hundred-percent-height-scrolling\" style=\"--awb-border-radius-top-left:0px;--awb-border-radius-top-right:0px;--awb-border-radius-bottom-right:0px;--awb-border-radius-bottom-left:0px;--awb-padding-top:20px;--awb-padding-bottom:20px;--awb-margin-top:0px;--awb-margin-bottom:0px;--awb-background-color:var(--awb-custom_color_1);--awb-background-image:linear-gradient(129deg, var(--awb-custom_color_8) 0%,var(--awb-custom_color_6) 100%);--awb-flex-wrap:wrap;\" ><div class=\"fusion-builder-row fusion-row fusion-flex-align-items-stretch fusion-flex-justify-content-space-evenly fusion-flex-content-wrap\" style=\"max-width:1216.8px;margin-left: calc(-4% \/ 2 );margin-right: calc(-4% \/ 2 );\"><div class=\"fusion-layout-column fusion_builder_column fusion-builder-column-1 fusion_builder_column_1_1 1_1 fusion-flex-column\" style=\"--awb-bg-color:rgba(213,56,32,0);--awb-bg-color-hover:rgba(213,56,32,0);--awb-bg-size:cover;--awb-width-large:100%;--awb-margin-top-large:0px;--awb-spacing-right-large:1.92%;--awb-margin-bottom-large:20px;--awb-spacing-left-large:1.92%;--awb-width-medium:100%;--awb-order-medium:0;--awb-spacing-right-medium:1.92%;--awb-spacing-left-medium:1.92%;--awb-width-small:100%;--awb-order-small:0;--awb-spacing-right-small:1.92%;--awb-spacing-left-small:1.92%;\"><div class=\"fusion-column-wrapper fusion-column-has-shadow fusion-flex-justify-content-flex-start fusion-content-layout-column\"><div class=\"fusion-tabs fusion-tabs-1 classic nav-not-justified horizontal-tabs icon-position-left mobile-mode-carousel\" style=\"--awb-title-border-radius-top-left:15px;--awb-title-border-radius-top-right:15px;--awb-title-border-radius-bottom-right:0px;--awb-title-border-radius-bottom-left:0px;--awb-title-font-size:20px;--awb-alignment:start;--awb-inactive-color:rgba(29,37,66,0);--awb-title-text-color:var(--awb-custom_color_5);--awb-title-active-text-color:var(--awb-custom_color_1);--awb-background-color:var(--awb-custom_color_5);--awb-border-color:rgba(213,56,32,0);--awb-active-border-color:rgba(255,255,255,0);--awb-title-font-family:&quot;Lexend&quot;;--awb-title-font-style:normal;--awb-title-font-weight:300;\"><div class=\"nav\"><ul class=\"nav-tabs\" role=\"tablist\"><li class=\"active\" role=\"presentation\"><a class=\"tab-link\" data-toggle=\"tab\" role=\"tab\" aria-controls=\"tab-801adc3665c1abd4115\" aria-selected=\"true\" id=\"fusion-tab-tyremotionapi\" href=\"#tab-801adc3665c1abd4115\"><div class=\"fusion-tab-heading\">TYREMOTION API<\/div><\/a><\/li><li role=\"presentation\"><a class=\"tab-link\" data-toggle=\"tab\" role=\"tab\" aria-controls=\"tab-d2d4b62ef5f6cac8525\" aria-selected=\"false\" tabindex=\"-1\" id=\"fusion-tab-tyremotionscan&amp;contact\" href=\"#tab-d2d4b62ef5f6cac8525\"><div class=\"fusion-tab-heading\">TYREMOTION SCAN &amp; CONTACT<\/div><\/a><\/li><li role=\"presentation\"><a class=\"tab-link\" data-toggle=\"tab\" role=\"tab\" aria-controls=\"tab-a67998c5362ccb5c13c\" aria-selected=\"false\" tabindex=\"-1\" id=\"fusion-tab-tyremotionconnect\" href=\"#tab-a67998c5362ccb5c13c\"><div class=\"fusion-tab-heading\">TYREMOTION CONNECT<\/div><\/a><\/li><\/ul><\/div><div class=\"tab-content\"><div class=\"tab-pane fade fusion-clearfix in active\" role=\"tabpanel\" tabindex=\"0\" aria-labelledby=\"fusion-tab-tyremotionapi\" id=\"tab-801adc3665c1abd4115\">    <\/p>\n<div id=\"tab-api\" class=\"tab-content\">\n<div class=\"row\">\n<div class=\"video-container\">\n<p>             <img decoding=\"async\" class=\"lazyload\" style=\"width: 90%; margin-top: 20px;\" src=\"https:\/\/apimove.com\/wp-content\/uploads\/2024\/05\/tyremotion-small-api-blue.png\" alt=\"tyremotion-api\" data-src=\"https:\/\/apimove.com\/wp-content\/uploads\/2024\/05\/tyremotion-small-api-blue.png\"><\/p>\n<\/div>\n<\/div>\n<div class=\"row\">\n<div class=\"text-container\">\n<div id=\"connect-text\" class=\"subscription-details\">\n<div>\n<div class=\"large-text\"> Angebot auf Anfrage <\/div>\n<div class=\"small-text\"> Kontaktieren Sie uns, um ein ma\u00dfgeschneidertes Angebot zu erhalten. <\/div>\n<div>  Unsere TYREMOTION-Technologie steht Ihnen f\u00fcr Ihre Entwicklungen zur Verf\u00fcgung.<br \/>\nSie k\u00f6nnen unsere API in alle Ihre Tools integrieren.   <\/div>\n<\/p>\n<\/div>\n<div> Verfolgen Sie Ihre Nutzung der TYREMOTION API mit Hilfe unserer Kundenplattform und profitieren Sie unbegrenzt von der Leistung unserer Technologie! <\/div>\n<div>  Profitieren Sie von einer klaren Dokumentation, konkreten Fallbeispielen und einem reaktionsschnellen Support, um die TYREMOTION-Technologie in Ihrem \u00d6kosystem einzusetzen.  <\/div>\n<\/p>\n<\/div>\n<\/div>\n<\/div>\n<div class=\"row subscribe-btn-container\">\n            <a href=\"https:\/\/apimove.com\/de\/kontaktieren-sie-uns\/\" class=\"subscribe-btn\" target=\"_blank\" rel=\"noopener\">Kontaktieren Sie uns<\/a>\n        <\/div>\n<\/p>\n<\/div>\n<\/div><div class=\"tab-pane fade fusion-clearfix\" role=\"tabpanel\" tabindex=\"0\" aria-labelledby=\"fusion-tab-tyremotionscan&amp;contact\" id=\"tab-d2d4b62ef5f6cac8525\">    <\/p>\n<div id=\"tab-scan-contact\" class=\"tab-content\">\n<div class=\"row video-buttons-row\">\n<div class=\"video-container\">\n                <video controls=\"controls\" width=\"100%\"><source src=\"https:\/\/apimove.com\/wp-content\/uploads\/2024\/05\/DE-APIMOVE-_-SCAN-CONTACT-_-Produktprasentation-site-web.mp4\" type=\"video\/mp4\">Ihr Browser unterst\u00fctzt das Video-Tag nicht.  <\/source><\/video>\n            <\/div>\n<\/p><\/div>\n<div class=\"row\">\n<div class=\"text-container\">\n<div id=\"scan-contact-text\" class=\"subscription-details\">\n<div>\n<div class=\"large-text\"> Angebot auf Anfrage <\/div>\n<div class=\"small-text\"> Kontaktieren Sie uns, um ein ma\u00dfgeschneidertes Angebot zu erhalten. <\/div>\n<\/p><\/div>\n<div> Laden Sie Ihre Kunden per E-Mail oder SMS ein, zwei Fotos von ihren R\u00e4dern zu machen. Erhalten Sie Anfragen in Form von Tickets und erstellen Sie Ihr Angebot entsprechend der dort angezeigten Daten <\/div>\n<div>  Profitieren Sie von einer Benutzeroberfl\u00e4che, die an Ihr Image angepasst werden kann, um Ihre Kunden durch einen intuitiven Fotografierpfad zu f\u00fchren.  <\/div>\n<div>  Verfolgen Sie Ihre Anfragen \u00fcber Ihre Kundenplattform und bieten Sie Ihren Kunden einen effizienten und intuitiven Service, der Ihnen Zeit spart!  <\/div>\n<\/p><\/div>\n<\/p><\/div>\n<\/p><\/div>\n<div class=\"row subscribe-btn-container\">\n            <a href=\"https:\/\/apimove.com\/de\/kontaktieren-sie-uns\/\" class=\"subscribe-btn\" target=\"_blank\" rel=\"noopener\">Kontaktieren Sie uns<\/a>\n        <\/div>\n<\/p><\/div>\n<\/div><div class=\"tab-pane fade fusion-clearfix\" role=\"tabpanel\" tabindex=\"0\" aria-labelledby=\"fusion-tab-tyremotionconnect\" id=\"tab-a67998c5362ccb5c13c\">   <\/p>\n<div id=\"tab-connect\" class=\"tab-content\">\n<div class=\"row\">\n<div class=\"video-container\">\n                <video controls=\"controls\" width=\"100%\"><source src=\"https:\/\/apimove.com\/wp-content\/uploads\/2024\/05\/DE-APIMOVE-_-TYREMOTION-Connect-_-Produktprasentation-site-web.mp4\" type=\"video\/mp4\"><\/source>Ihr Browser unterst\u00fctzt das Video-Tag nicht.<\/video>\n            <\/div>\n<\/p>\n<\/div>\n<div class=\"row\">\n<div class=\"text-container\">\n<div id=\"connect-text\" class=\"subscription-details\">\n<div>\n<div class=\"large-text\"> Angebot auf Anfrage <\/div>\n<div class=\"small-text\"> Kontaktieren Sie uns, um ein ma\u00dfgeschneidertes Angebot zu erhalten. <\/div>\n<div> Greifen Sie auf unsere TYREMOTION Technologie zu und integrieren Sie schnell und einfach eine komplette digitale Reise, die auf Ihre Bed\u00fcrfnisse zugeschnitten ist. <\/div>\n<\/p>\n<\/div>\n<div> Teilen Sie uns Ihre Bed\u00fcrfnisse mit, um ein individuelles Projekt zu erstellen: Unser modulares Tool passt sich Ihren Besonderheiten an und unsere Teams werden Sie bei der Umsetzung Ihres Kurses begleiten. <\/div>\n<div> Befreien Sie sich von den Zw\u00e4ngen der Schnittstellenentwicklung und profitieren Sie von unserer Plug&amp;Play-L\u00f6sung, die perfekt auf Ihre visuelle Identit\u00e4t abgestimmt ist und sich leicht in Ihre digitale Journey integrieren l\u00e4sst: Wir \u00fcbernehmen den gesamten Prozess! <\/div>\n<\/p>\n<\/div>\n<\/div>\n<\/div>\n<div class=\"row subscribe-btn-container\">\n            <a href=\"https:\/\/apimove.com\/de\/kontaktieren-sie-uns\/\" class=\"subscribe-btn\" target=\"_blank\" rel=\"noopener\">Kontaktieren Sie uns<\/a>\n        <\/div>\n<\/p>\n<\/div>\n<\/div><\/div><\/div><\/div><\/div><\/div><\/div><\/div><\/p>\n","protected":false},"excerpt":{"rendered":"","protected":false},"author":5,"featured_media":0,"parent":0,"menu_order":0,"comment_status":"closed","ping_status":"closed","template":"100-width.php","meta":{"inline_featured_image":false,"_monsterinsights_skip_tracking":false,"_monsterinsights_sitenote_active":false,"_monsterinsights_sitenote_note":"","_monsterinsights_sitenote_category":0,"footnotes":""},"class_list":["post-2913","page","type-page","status-publish","hentry"],"yoast_head":"<!-- This site is optimized with the Yoast SEO plugin v24.3 - https:\/\/yoast.com\/wordpress\/plugins\/seo\/ -->\n<title>Unsere Abonnements - APIMOVE UNSERE ABONNEMENTS<\/title>\n<meta name=\"description\" content=\"Entdecken Sie unsere Abonnements und treffen Sie Ihre Wahl f\u00fcr eine automatisierte und vereinfachte digitale Reifen Journey.\" \/>\n<meta name=\"robots\" content=\"index, follow, max-snippet:-1, max-image-preview:large, max-video-preview:-1\" \/>\n<link rel=\"canonical\" href=\"https:\/\/apimove.com\/de\/unsere-abonnements\/\" \/>\n<meta property=\"og:locale\" content=\"de_DE\" \/>\n<meta property=\"og:type\" content=\"article\" \/>\n<meta property=\"og:title\" content=\"Unsere Abonnements - APIMOVE UNSERE ABONNEMENTS\" \/>\n<meta property=\"og:description\" content=\"Entdecken Sie unsere Abonnements und treffen Sie Ihre Wahl f\u00fcr eine automatisierte und vereinfachte digitale Reifen Journey.\" \/>\n<meta property=\"og:url\" content=\"https:\/\/apimove.com\/de\/unsere-abonnements\/\" \/>\n<meta property=\"og:site_name\" content=\"APIMOVE\" \/>\n<meta property=\"article:modified_time\" content=\"2024-10-24T08:43:58+00:00\" \/>\n<meta property=\"og:image\" content=\"https:\/\/apimove.com\/wp-content\/uploads\/2024\/05\/tyremotion-small-api-blue.png\" \/>\n<meta name=\"twitter:card\" content=\"summary_large_image\" \/>\n<meta name=\"twitter:label1\" content=\"Gesch\u00e4tzte Lesezeit\" \/>\n\t<meta name=\"twitter:data1\" content=\"7\u00a0Minuten\" \/>\n<script type=\"application\/ld+json\" class=\"yoast-schema-graph\">{\"@context\":\"https:\/\/schema.org\",\"@graph\":[{\"@type\":\"WebPage\",\"@id\":\"https:\/\/apimove.com\/de\/unsere-abonnements\/\",\"url\":\"https:\/\/apimove.com\/de\/unsere-abonnements\/\",\"name\":\"Unsere Abonnements - APIMOVE UNSERE ABONNEMENTS\",\"isPartOf\":{\"@id\":\"https:\/\/apimove.com\/de\/#website\"},\"primaryImageOfPage\":{\"@id\":\"https:\/\/apimove.com\/de\/unsere-abonnements\/#primaryimage\"},\"image\":{\"@id\":\"https:\/\/apimove.com\/de\/unsere-abonnements\/#primaryimage\"},\"thumbnailUrl\":\"https:\/\/apimove.com\/wp-content\/uploads\/2024\/05\/tyremotion-small-api-blue.png\",\"datePublished\":\"2024-05-16T13:01:13+00:00\",\"dateModified\":\"2024-10-24T08:43:58+00:00\",\"description\":\"Entdecken Sie unsere Abonnements und treffen Sie Ihre Wahl f\u00fcr eine automatisierte und vereinfachte digitale Reifen Journey.\",\"breadcrumb\":{\"@id\":\"https:\/\/apimove.com\/de\/unsere-abonnements\/#breadcrumb\"},\"inLanguage\":\"de\",\"potentialAction\":[{\"@type\":\"ReadAction\",\"target\":[\"https:\/\/apimove.com\/de\/unsere-abonnements\/\"]}]},{\"@type\":\"ImageObject\",\"inLanguage\":\"de\",\"@id\":\"https:\/\/apimove.com\/de\/unsere-abonnements\/#primaryimage\",\"url\":\"https:\/\/apimove.com\/wp-content\/uploads\/2024\/05\/tyremotion-small-api-blue.png\",\"contentUrl\":\"https:\/\/apimove.com\/wp-content\/uploads\/2024\/05\/tyremotion-small-api-blue.png\"},{\"@type\":\"BreadcrumbList\",\"@id\":\"https:\/\/apimove.com\/de\/unsere-abonnements\/#breadcrumb\",\"itemListElement\":[{\"@type\":\"ListItem\",\"position\":1,\"name\":\"Home\",\"item\":\"https:\/\/apimove.com\/de\/home\/\"},{\"@type\":\"ListItem\",\"position\":2,\"name\":\"UNSERE ABONNEMENTS\"}]},{\"@type\":\"WebSite\",\"@id\":\"https:\/\/apimove.com\/de\/#website\",\"url\":\"https:\/\/apimove.com\/de\/\",\"name\":\"Apimove - Drive Customer Conversion\",\"description\":\"Simplifiez l&#039;achat des pneus\",\"publisher\":{\"@id\":\"https:\/\/apimove.com\/de\/#organization\"},\"potentialAction\":[{\"@type\":\"SearchAction\",\"target\":{\"@type\":\"EntryPoint\",\"urlTemplate\":\"https:\/\/apimove.com\/de\/?s={search_term_string}\"},\"query-input\":{\"@type\":\"PropertyValueSpecification\",\"valueRequired\":true,\"valueName\":\"search_term_string\"}}],\"inLanguage\":\"de\"},{\"@type\":\"Organization\",\"@id\":\"https:\/\/apimove.com\/de\/#organization\",\"name\":\"Apimove - Drive Customer Conversion\",\"alternateName\":\"Apimove\",\"url\":\"https:\/\/apimove.com\/de\/\",\"logo\":{\"@type\":\"ImageObject\",\"inLanguage\":\"de\",\"@id\":\"https:\/\/apimove.com\/de\/#\/schema\/logo\/image\/\",\"url\":\"https:\/\/apimove.com\/wp-content\/uploads\/2023\/05\/APIMOVE-bleu-logo-grand.png\",\"contentUrl\":\"https:\/\/apimove.com\/wp-content\/uploads\/2023\/05\/APIMOVE-bleu-logo-grand.png\",\"width\":4600,\"height\":800,\"caption\":\"Apimove - Drive Customer Conversion\"},\"image\":{\"@id\":\"https:\/\/apimove.com\/de\/#\/schema\/logo\/image\/\"}}]}<\/script>\n<!-- \/ Yoast SEO plugin. -->","yoast_head_json":{"title":"Unsere Abonnements - APIMOVE UNSERE ABONNEMENTS","description":"Entdecken Sie unsere Abonnements und treffen Sie Ihre Wahl f\u00fcr eine automatisierte und vereinfachte digitale Reifen Journey.","robots":{"index":"index","follow":"follow","max-snippet":"max-snippet:-1","max-image-preview":"max-image-preview:large","max-video-preview":"max-video-preview:-1"},"canonical":"https:\/\/apimove.com\/de\/unsere-abonnements\/","og_locale":"de_DE","og_type":"article","og_title":"Unsere Abonnements - APIMOVE UNSERE ABONNEMENTS","og_description":"Entdecken Sie unsere Abonnements und treffen Sie Ihre Wahl f\u00fcr eine automatisierte und vereinfachte digitale Reifen Journey.","og_url":"https:\/\/apimove.com\/de\/unsere-abonnements\/","og_site_name":"APIMOVE","article_modified_time":"2024-10-24T08:43:58+00:00","og_image":[{"url":"https:\/\/apimove.com\/wp-content\/uploads\/2024\/05\/tyremotion-small-api-blue.png","type":"","width":"","height":""}],"twitter_card":"summary_large_image","twitter_misc":{"Gesch\u00e4tzte Lesezeit":"7\u00a0Minuten"},"schema":{"@context":"https:\/\/schema.org","@graph":[{"@type":"WebPage","@id":"https:\/\/apimove.com\/de\/unsere-abonnements\/","url":"https:\/\/apimove.com\/de\/unsere-abonnements\/","name":"Unsere Abonnements - APIMOVE UNSERE ABONNEMENTS","isPartOf":{"@id":"https:\/\/apimove.com\/de\/#website"},"primaryImageOfPage":{"@id":"https:\/\/apimove.com\/de\/unsere-abonnements\/#primaryimage"},"image":{"@id":"https:\/\/apimove.com\/de\/unsere-abonnements\/#primaryimage"},"thumbnailUrl":"https:\/\/apimove.com\/wp-content\/uploads\/2024\/05\/tyremotion-small-api-blue.png","datePublished":"2024-05-16T13:01:13+00:00","dateModified":"2024-10-24T08:43:58+00:00","description":"Entdecken Sie unsere Abonnements und treffen Sie Ihre Wahl f\u00fcr eine automatisierte und vereinfachte digitale Reifen Journey.","breadcrumb":{"@id":"https:\/\/apimove.com\/de\/unsere-abonnements\/#breadcrumb"},"inLanguage":"de","potentialAction":[{"@type":"ReadAction","target":["https:\/\/apimove.com\/de\/unsere-abonnements\/"]}]},{"@type":"ImageObject","inLanguage":"de","@id":"https:\/\/apimove.com\/de\/unsere-abonnements\/#primaryimage","url":"https:\/\/apimove.com\/wp-content\/uploads\/2024\/05\/tyremotion-small-api-blue.png","contentUrl":"https:\/\/apimove.com\/wp-content\/uploads\/2024\/05\/tyremotion-small-api-blue.png"},{"@type":"BreadcrumbList","@id":"https:\/\/apimove.com\/de\/unsere-abonnements\/#breadcrumb","itemListElement":[{"@type":"ListItem","position":1,"name":"Home","item":"https:\/\/apimove.com\/de\/home\/"},{"@type":"ListItem","position":2,"name":"UNSERE ABONNEMENTS"}]},{"@type":"WebSite","@id":"https:\/\/apimove.com\/de\/#website","url":"https:\/\/apimove.com\/de\/","name":"Apimove - Drive Customer Conversion","description":"Simplifiez l&#039;achat des pneus","publisher":{"@id":"https:\/\/apimove.com\/de\/#organization"},"potentialAction":[{"@type":"SearchAction","target":{"@type":"EntryPoint","urlTemplate":"https:\/\/apimove.com\/de\/?s={search_term_string}"},"query-input":{"@type":"PropertyValueSpecification","valueRequired":true,"valueName":"search_term_string"}}],"inLanguage":"de"},{"@type":"Organization","@id":"https:\/\/apimove.com\/de\/#organization","name":"Apimove - Drive Customer Conversion","alternateName":"Apimove","url":"https:\/\/apimove.com\/de\/","logo":{"@type":"ImageObject","inLanguage":"de","@id":"https:\/\/apimove.com\/de\/#\/schema\/logo\/image\/","url":"https:\/\/apimove.com\/wp-content\/uploads\/2023\/05\/APIMOVE-bleu-logo-grand.png","contentUrl":"https:\/\/apimove.com\/wp-content\/uploads\/2023\/05\/APIMOVE-bleu-logo-grand.png","width":4600,"height":800,"caption":"Apimove - Drive Customer Conversion"},"image":{"@id":"https:\/\/apimove.com\/de\/#\/schema\/logo\/image\/"}}]}},"_links":{"self":[{"href":"https:\/\/apimove.com\/de\/wp-json\/wp\/v2\/pages\/2913","targetHints":{"allow":["GET"]}}],"collection":[{"href":"https:\/\/apimove.com\/de\/wp-json\/wp\/v2\/pages"}],"about":[{"href":"https:\/\/apimove.com\/de\/wp-json\/wp\/v2\/types\/page"}],"author":[{"embeddable":true,"href":"https:\/\/apimove.com\/de\/wp-json\/wp\/v2\/users\/5"}],"replies":[{"embeddable":true,"href":"https:\/\/apimove.com\/de\/wp-json\/wp\/v2\/comments?post=2913"}],"version-history":[{"count":83,"href":"https:\/\/apimove.com\/de\/wp-json\/wp\/v2\/pages\/2913\/revisions"}],"predecessor-version":[{"id":5257,"href":"https:\/\/apimove.com\/de\/wp-json\/wp\/v2\/pages\/2913\/revisions\/5257"}],"wp:attachment":[{"href":"https:\/\/apimove.com\/de\/wp-json\/wp\/v2\/media?parent=2913"}],"curies":[{"name":"wp","href":"https:\/\/api.w.org\/{rel}","templated":true}]}}